{"id":5485,"date":"2023-08-29T12:10:05","date_gmt":"2023-08-29T12:10:05","guid":{"rendered":"https:\/\/florsalcamp.com\/producte\/copa-strix-580ml\/"},"modified":"2023-08-29T12:18:42","modified_gmt":"2023-08-29T12:18:42","slug":"copa-strix-580ml","status":"publish","type":"product","link":"https:\/\/florsalcamp.com\/es\/producte\/copa-strix-580ml\/","title":{"rendered":"Copa Strix 580ml"},"content":{"rendered":"","protected":false},"excerpt":{"rendered":"<p>Vasos i Copes de TITANIUM CRYSTAL GLASS: Descobreix l&#8217;excel\u00b7l\u00e8ncia en vidrieria amb la nostra l\u00ednia de vasos i copes enriquits amb titani. Aquesta composici\u00f3 no nom\u00e9s garanteix una durabilitat i resist\u00e8ncia excepcionals, sin\u00f3 que tamb\u00e9 real\u00e7a l&#8217;est\u00e8tica del producte.<\/p>\n<p>Caracter\u00edstiques destacades:<\/p>\n<ul>\n<li><strong>TITANIUM CRYSTAL GLASS:<\/strong> Vidre endurit amb titani, oferint una resist\u00e8ncia superior a l&#8217;abrasi\u00f3.<\/li>\n<li><strong>Claredat i Brillantor:<\/strong> Transpar\u00e8ncia cristal\u00b7lina amb un brillantor que captura i reflexa la llum de manera espectacular.<\/li>\n<li><strong>Vora Prec\u00eds:<\/strong> Vores endurits i tallats amb l\u00e0ser, minimitzant el risc d&#8217;escantellat.<\/li>\n<li><strong>Acabat Exquisit:<\/strong> Poliment a foc per un tacte suau i agradable al contacte.<\/li>\n<li><strong>Manteniment Senzill:<\/strong> Dissenyats per ser aptes per rentavaixelles, resistint nombrosos cicles de rentat sense perdre el seu esplendor.<\/li>\n<li><strong>Ecol\u00f2gic i Segur:<\/strong> Compromesos amb el medi ambient i la teva salut, els nostres productes s\u00f3n ecol\u00f2gics i lliures de plom.<\/li>\n<\/ul>\n<p>Eleva l&#8217;experi\u00e8ncia de la teva beguda amb vasos i copes que combinen funcionalitat, durabilitat i disseny.<\/p>\n<div><a href=\"https:\/\/florsalcamp.com\/es\/producte\/copa-strix-580ml\/\" class=\"exp-read-more exp-read-more-underlined\">Read More<\/a><\/div>\n","protected":false},"featured_media":5484,"template":"","meta":[],"product_cat":[57,62],"product_tag":[56],"jetpack_sharing_enabled":true,"_links":{"self":[{"href":"https:\/\/florsalcamp.com\/es\/wp-json\/wp\/v2\/product\/5485"}],"collection":[{"href":"https:\/\/florsalcamp.com\/es\/wp-json\/wp\/v2\/product"}],"about":[{"href":"https:\/\/florsalcamp.com\/es\/wp-json\/wp\/v2\/types\/product"}],"wp:featuredmedia":[{"embeddable":true,"href":"https:\/\/florsalcamp.com\/es\/wp-json\/wp\/v2\/media\/5484"}],"wp:attachment":[{"href":"https:\/\/florsalcamp.com\/es\/wp-json\/wp\/v2\/media?parent=5485"}],"wp:term":[{"taxonomy":"product_cat","embeddable":true,"href":"https:\/\/florsalcamp.com\/es\/wp-json\/wp\/v2\/product_cat?post=5485"},{"taxonomy":"product_tag","embeddable":true,"href":"https:\/\/florsalcamp.com\/es\/wp-json\/wp\/v2\/product_tag?post=5485"}],"curies":[{"name":"wp","href":"https:\/\/api.w.org\/{rel}","templated":true}]}}